{"id":4030,"date":"2021-05-22T17:01:59","date_gmt":"2021-05-22T17:01:59","guid":{"rendered":"https:\/\/joancondal.com\/?page_id=4030"},"modified":"2021-07-26T14:28:47","modified_gmt":"2021-07-26T14:28:47","slug":"joan","status":"publish","type":"page","link":"https:\/\/joancondal.com\/en\/joan\/","title":{"rendered":"joan"},"content":{"rendered":"<div data-elementor-type=\"wp-page\" data-elementor-id=\"4030\" class=\"elementor elementor-4030\">\n\t\t\t\t\t\t<section class=\"elementor-section elementor-top-section elementor-element elementor-element-25f06e8 elementor-section-height-min-height elementor-section-boxed elementor-section-height-default elementor-section-items-middle\" data-id=\"25f06e8\" data-element_type=\"section\" data-e-type=\"section\" data-settings=\"{&quot;background_background&quot;:&quot;classic&quot;,&quot;shape_divider_bottom&quot;:&quot;curve&quot;,&quot;shape_divider_bottom_negative&quot;:&quot;yes&quot;}\">\n\t\t\t\t\t\t\t<div class=\"elementor-background-overlay\"><\/div>\n\t\t\t\t\t\t<div class=\"elementor-shape elementor-shape-bottom\" aria-hidden=\"true\" data-negative=\"true\">\n\t\t\t<svg xmlns=\"http:\/\/www.w3.org\/2000\/svg\" viewbox=\"0 0 1000 100\" preserveaspectratio=\"none\">\n\t<path class=\"elementor-shape-fill\" d=\"M500,97C126.7,96.3,0.8,19.8,0,0v100l1000,0V1C1000,19.4,873.3,97.8,500,97z\"\/>\n<\/svg>\t\t<\/div>\n\t\t\t\t\t<div class=\"elementor-container elementor-column-gap-default\">\n\t\t\t\t\t<div class=\"elementor-column elementor-col-100 elementor-top-column elementor-element elementor-element-2a051b3\" data-id=\"2a051b3\" data-element_type=\"column\" data-e-type=\"column\">\n\t\t\t<div class=\"elementor-widget-wrap\">\n\t\t\t\t\t\t\t<\/div>\n\t\t<\/div>\n\t\t\t\t\t<\/div>\n\t\t<\/section>\n\t\t\t\t<section class=\"elementor-section elementor-top-section elementor-element elementor-element-73941fd5 elementor-section-full_width elementor-section-height-default elementor-section-height-default\" data-id=\"73941fd5\" data-element_type=\"section\" data-e-type=\"section\">\n\t\t\t\t\t\t<div class=\"elementor-container elementor-column-gap-default\">\n\t\t\t\t\t<div class=\"elementor-column elementor-col-100 elementor-top-column elementor-element elementor-element-5ed95882 elementor-invisible\" data-id=\"5ed95882\" data-element_type=\"column\" data-e-type=\"column\" data-settings=\"{&quot;animation&quot;:&quot;fadeIn&quot;}\">\n\t\t\t<div class=\"elementor-widget-wrap elementor-element-populated\">\n\t\t\t\t\t\t<div class=\"elementor-element elementor-element-b413d65 elementor-invisible elementor-widget elementor-widget-text-editor\" data-id=\"b413d65\" data-element_type=\"widget\" data-e-type=\"widget\" data-settings=\"{&quot;_animation&quot;:&quot;fadeIn&quot;}\" data-widget_type=\"text-editor.default\">\n\t\t\t\t<div class=\"elementor-widget-container\">\n\t\t\t\t\t\t\t\t\t<p>From an early age music has been a part of Joan's life. Listening to her mother sing with such passion and feeling has always moved something deep inside her.<\/p>\t\t\t\t\t\t\t\t<\/div>\n\t\t\t\t<\/div>\n\t\t\t\t<section class=\"elementor-section elementor-inner-section elementor-element elementor-element-77bb9b55 elementor-section-boxed elementor-section-height-default elementor-section-height-default\" data-id=\"77bb9b55\" data-element_type=\"section\" data-e-type=\"section\">\n\t\t\t\t\t\t<div class=\"elementor-container elementor-column-gap-default\">\n\t\t\t\t\t<div class=\"elementor-column elementor-col-100 elementor-inner-column elementor-element elementor-element-6c1d65c8 elementor-invisible\" data-id=\"6c1d65c8\" data-element_type=\"column\" data-e-type=\"column\" data-settings=\"{&quot;animation&quot;:&quot;fadeIn&quot;,&quot;animation_delay&quot;:200}\">\n\t\t\t<div class=\"elementor-widget-wrap elementor-element-populated\">\n\t\t\t\t\t\t<div class=\"elementor-element elementor-element-31ccd6da elementor-pagination-position-outside elementor-widget elementor-widget-image-carousel\" data-id=\"31ccd6da\" data-element_type=\"widget\" data-e-type=\"widget\" data-settings=\"{&quot;slides_to_show&quot;:&quot;2&quot;,&quot;slides_to_scroll&quot;:&quot;2&quot;,&quot;navigation&quot;:&quot;dots&quot;,&quot;speed&quot;:1200,&quot;image_spacing_custom&quot;:{&quot;unit&quot;:&quot;px&quot;,&quot;size&quot;:30,&quot;sizes&quot;:[]},&quot;autoplay&quot;:&quot;yes&quot;,&quot;pause_on_hover&quot;:&quot;yes&quot;,&quot;pause_on_interaction&quot;:&quot;yes&quot;,&quot;autoplay_speed&quot;:5000,&quot;infinite&quot;:&quot;yes&quot;,&quot;image_spacing_custom_tablet&quot;:{&quot;unit&quot;:&quot;px&quot;,&quot;size&quot;:&quot;&quot;,&quot;sizes&quot;:[]},&quot;image_spacing_custom_mobile&quot;:{&quot;unit&quot;:&quot;px&quot;,&quot;size&quot;:&quot;&quot;,&quot;sizes&quot;:[]}}\" data-widget_type=\"image-carousel.default\">\n\t\t\t\t<div class=\"elementor-widget-container\">\n\t\t\t\t\t\t\t<div class=\"elementor-image-carousel-wrapper swiper\" role=\"region\" aria-roledescription=\"carousel\" aria-label=\"Carrusel de im\u00e1genes\" dir=\"ltr\">\n\t\t\t<div class=\"elementor-image-carousel swiper-wrapper\" aria-live=\"off\">\n\t\t\t\t\t\t\t\t<div class=\"swiper-slide\" role=\"group\" aria-roledescription=\"slide\" aria-label=\"1 de 6\"><a data-elementor-open-lightbox=\"yes\" data-elementor-lightbox-slideshow=\"31ccd6da\" data-elementor-lightbox-title=\"384A1440-min\" data-e-action-hash=\"#elementor-action%3Aaction%3Dlightbox%26settings%3DeyJpZCI6NDUyMywidXJsIjoiaHR0cHM6XC9cL2pvYW5jb25kYWwuY29tXC93cC1jb250ZW50XC91cGxvYWRzXC8yMDIxXC8wN1wvMzg0QTE0NDAtbWluLXNjYWxlZC5qcGciLCJzbGlkZXNob3ciOiIzMWNjZDZkYSJ9\" href=\"https:\/\/joancondal.com\/wp-content\/uploads\/2021\/07\/384A1440-min-scaled.jpg\"><figure class=\"swiper-slide-inner\"><img decoding=\"async\" class=\"swiper-slide-image\" src=\"https:\/\/joancondal.com\/wp-content\/uploads\/elementor\/thumbs\/384A1440-min-scaled-pa1nfjywjfh2cy8oa3l6ro1joipa00g9qvpvtz859i.jpg\" alt=\"384A1440-min\" \/><\/figure><\/a><\/div><div class=\"swiper-slide\" role=\"group\" aria-roledescription=\"slide\" aria-label=\"2 de 6\"><a data-elementor-open-lightbox=\"yes\" data-elementor-lightbox-slideshow=\"31ccd6da\" data-elementor-lightbox-title=\"DSC_2985\" data-e-action-hash=\"#elementor-action%3Aaction%3Dlightbox%26settings%3DeyJpZCI6MzExOCwidXJsIjoiaHR0cHM6XC9cL2pvYW5jb25kYWwuY29tXC93cC1jb250ZW50XC91cGxvYWRzXC8yMDE0XC8wM1wvRFNDXzI5ODUuanBnIiwic2xpZGVzaG93IjoiMzFjY2Q2ZGEifQ%3D%3D\" href=\"https:\/\/joancondal.com\/wp-content\/uploads\/2014\/03\/DSC_2985.jpg\"><figure class=\"swiper-slide-inner\"><img decoding=\"async\" class=\"swiper-slide-image\" src=\"https:\/\/joancondal.com\/wp-content\/uploads\/elementor\/thumbs\/DSC_2985-mc5yftb28wh6sbko71wkwaign3rlz2l3k39a0gue92.jpg\" alt=\"DSC_2985\" \/><\/figure><\/a><\/div><div class=\"swiper-slide\" role=\"group\" aria-roledescription=\"slide\" aria-label=\"3 de 6\"><a data-elementor-open-lightbox=\"yes\" data-elementor-lightbox-slideshow=\"31ccd6da\" data-elementor-lightbox-title=\"incense-sticks-in-pagoda-PV84EE9.jpg\" data-e-action-hash=\"#elementor-action%3Aaction%3Dlightbox%26settings%3DeyJpZCI6NDA2MSwidXJsIjoiaHR0cHM6XC9cL2pvYW5jb25kYWwuY29tXC93cC1jb250ZW50XC91cGxvYWRzXC8yMDIxXC8wNVwvaW5jZW5zZS1zdGlja3MtaW4tcGFnb2RhLVBWODRFRTkuanBnIiwic2xpZGVzaG93IjoiMzFjY2Q2ZGEifQ%3D%3D\" href=\"https:\/\/joancondal.com\/wp-content\/uploads\/2021\/05\/incense-sticks-in-pagoda-PV84EE9.jpg\"><figure class=\"swiper-slide-inner\"><img decoding=\"async\" class=\"swiper-slide-image\" src=\"https:\/\/joancondal.com\/wp-content\/uploads\/elementor\/thumbs\/incense-sticks-in-pagoda-PV84EE9-p7jyp1c7qj6k6jd2838ng1kcovudxbh2zfmsyxay06.jpg\" alt=\"incense-sticks-in-pagoda-PV84EE9.jpg\" \/><\/figure><\/a><\/div><div class=\"swiper-slide\" role=\"group\" aria-roledescription=\"slide\" aria-label=\"4 de 6\"><a data-elementor-open-lightbox=\"yes\" data-elementor-lightbox-slideshow=\"31ccd6da\" data-elementor-lightbox-title=\"DSC_2164\" data-e-action-hash=\"#elementor-action%3Aaction%3Dlightbox%26settings%3DeyJpZCI6MzMxNiwidXJsIjoiaHR0cHM6XC9cL2pvYW5jb25kYWwuY29tXC93cC1jb250ZW50XC91cGxvYWRzXC8yMDE0XC8wM1wvRFNDXzIxNjQtZTE0MzY5ODc5NTAxMjQuanBnIiwic2xpZGVzaG93IjoiMzFjY2Q2ZGEifQ%3D%3D\" href=\"https:\/\/joancondal.com\/wp-content\/uploads\/2014\/03\/DSC_2164-e1436987950124.jpg\"><figure class=\"swiper-slide-inner\"><img decoding=\"async\" class=\"swiper-slide-image\" src=\"https:\/\/joancondal.com\/wp-content\/uploads\/elementor\/thumbs\/DSC_2164-e1436987950124-mc6gv6wjkmlal1zbjauu4e2pbs29cz5dri6q1n8wx2.jpg\" alt=\"DSC_2164\" \/><\/figure><\/a><\/div><div class=\"swiper-slide\" role=\"group\" aria-roledescription=\"slide\" aria-label=\"5 de 6\"><a data-elementor-open-lightbox=\"yes\" data-elementor-lightbox-slideshow=\"31ccd6da\" data-elementor-lightbox-title=\"IMG_0499\" data-e-action-hash=\"#elementor-action%3Aaction%3Dlightbox%26settings%3DeyJpZCI6MzEyNSwidXJsIjoiaHR0cHM6XC9cL2pvYW5jb25kYWwuY29tXC93cC1jb250ZW50XC91cGxvYWRzXC8yMDE0XC8wM1wvSU1HXzA0OTkuanBnIiwic2xpZGVzaG93IjoiMzFjY2Q2ZGEifQ%3D%3D\" href=\"https:\/\/joancondal.com\/wp-content\/uploads\/2014\/03\/IMG_0499.jpg\"><figure class=\"swiper-slide-inner\"><img decoding=\"async\" class=\"swiper-slide-image\" src=\"https:\/\/joancondal.com\/wp-content\/uploads\/elementor\/thumbs\/IMG_0499-mc5yrm6420msk2fja5jy7bat59lim9frui4qxjcg4m.jpg\" alt=\"IMG_0499\" \/><\/figure><\/a><\/div><div class=\"swiper-slide\" role=\"group\" aria-roledescription=\"slide\" aria-label=\"6 de 6\"><a data-elementor-open-lightbox=\"yes\" data-elementor-lightbox-slideshow=\"31ccd6da\" data-elementor-lightbox-title=\"banner_p4\" data-e-action-hash=\"#elementor-action%3Aaction%3Dlightbox%26settings%3DeyJpZCI6Mzk1OCwidXJsIjoiaHR0cHM6XC9cL2pvYW5jb25kYWwuY29tXC93cC1jb250ZW50XC91cGxvYWRzXC8yMDIxXC8wNVwvYmFubmVyX3A0LmpwZyIsInNsaWRlc2hvdyI6IjMxY2NkNmRhIn0%3D\" href=\"https:\/\/joancondal.com\/wp-content\/uploads\/2021\/05\/banner_p4.jpg\"><figure class=\"swiper-slide-inner\"><img decoding=\"async\" class=\"swiper-slide-image\" src=\"https:\/\/joancondal.com\/wp-content\/uploads\/elementor\/thumbs\/banner_p4-p7h3dl1649j4v02q7u3gg4uaeqjyegi59unbku69ie.jpg\" alt=\"banner_p4\" \/><\/figure><\/a><\/div>\t\t\t<\/div>\n\t\t\t\t\t\t\t\n\t\t\t\t\t\t\t\t\t<div class=\"swiper-pagination\"><\/div>\n\t\t\t\t\t\t\t\t\t<\/div>\n\t\t\t\t\t\t<\/div>\n\t\t\t\t<\/div>\n\t\t\t\t<div class=\"elementor-element elementor-element-23e421c9 elementor-invisible elementor-widget elementor-widget-text-editor\" data-id=\"23e421c9\" data-element_type=\"widget\" data-e-type=\"widget\" data-settings=\"{&quot;_animation&quot;:&quot;fadeIn&quot;}\" data-widget_type=\"text-editor.default\">\n\t\t\t\t<div class=\"elementor-widget-container\">\n\t\t\t\t\t\t\t\t\t<p data-fontsize=\"18\" data-lineheight=\"27\">\"It is here that he began to experience that music above all is felt and lived.\"<\/p>\t\t\t\t\t\t\t\t<\/div>\n\t\t\t\t<\/div>\n\t\t\t\t\t<\/div>\n\t\t<\/div>\n\t\t\t\t\t<\/div>\n\t\t<\/section>\n\t\t\t\t\t<\/div>\n\t\t<\/div>\n\t\t\t\t\t<\/div>\n\t\t<\/section>\n\t\t\t\t<section class=\"elementor-section elementor-top-section elementor-element elementor-element-697bc390 elementor-section-boxed elementor-section-height-default elementor-section-height-default\" data-id=\"697bc390\" data-element_type=\"section\" data-e-type=\"section\">\n\t\t\t\t\t\t<div class=\"elementor-container elementor-column-gap-default\">\n\t\t\t\t\t<div class=\"elementor-column elementor-col-50 elementor-top-column elementor-element elementor-element-478537b6 elementor-invisible\" data-id=\"478537b6\" data-element_type=\"column\" data-e-type=\"column\" data-settings=\"{&quot;animation&quot;:&quot;zoomIn&quot;,&quot;animation_delay&quot;:200}\">\n\t\t\t<div class=\"elementor-widget-wrap elementor-element-populated\">\n\t\t\t\t\t\t<div class=\"elementor-element elementor-element-3f4571b6 elementor-widget elementor-widget-image\" data-id=\"3f4571b6\" data-element_type=\"widget\" data-e-type=\"widget\" data-widget_type=\"image.default\">\n\t\t\t\t<div class=\"elementor-widget-container\">\n\t\t\t\t\t\t\t\t\t\t\t\t\t\t\t<img decoding=\"async\" src=\"https:\/\/joancondal.com\/wp-content\/uploads\/elementor\/thumbs\/joan2-p7k0cvq9myc9ww8ii37sq4plfeogcv1f9k9pcrle10.jpg\" title=\"joan2\" alt=\"joan2\" loading=\"lazy\" \/>\t\t\t\t\t\t\t\t\t\t\t\t\t\t\t<\/div>\n\t\t\t\t<\/div>\n\t\t\t\t\t<\/div>\n\t\t<\/div>\n\t\t\t\t<div class=\"elementor-column elementor-col-50 elementor-top-column elementor-element elementor-element-712a1018 elementor-invisible\" data-id=\"712a1018\" data-element_type=\"column\" data-e-type=\"column\" data-settings=\"{&quot;background_background&quot;:&quot;classic&quot;,&quot;animation&quot;:&quot;fadeIn&quot;,&quot;animation_tablet&quot;:&quot;fadeIn&quot;}\">\n\t\t\t<div class=\"elementor-widget-wrap elementor-element-populated\">\n\t\t\t\t\t\t<div class=\"elementor-element elementor-element-2fb26de0 elementor-view-default elementor-invisible elementor-widget elementor-widget-icon\" data-id=\"2fb26de0\" data-element_type=\"widget\" data-e-type=\"widget\" data-settings=\"{&quot;_animation&quot;:&quot;fadeIn&quot;,&quot;_animation_delay&quot;:200}\" data-widget_type=\"icon.default\">\n\t\t\t\t<div class=\"elementor-widget-container\">\n\t\t\t\t\t\t\t<div class=\"elementor-icon-wrapper\">\n\t\t\t<div class=\"elementor-icon\">\n\t\t\t<i aria-hidden=\"true\" class=\"fas fa-quote-right\"><\/i>\t\t\t<\/div>\n\t\t<\/div>\n\t\t\t\t\t\t<\/div>\n\t\t\t\t<\/div>\n\t\t\t\t<div class=\"elementor-element elementor-element-6fdd44b6 elementor-invisible elementor-widget elementor-widget-text-editor\" data-id=\"6fdd44b6\" data-element_type=\"widget\" data-e-type=\"widget\" data-settings=\"{&quot;_animation&quot;:&quot;fadeIn&quot;,&quot;_animation_delay&quot;:300}\" data-widget_type=\"text-editor.default\">\n\t\t\t\t<div class=\"elementor-widget-container\">\n\t\t\t\t\t\t\t\t\t<p>Since I was a child I have felt a great motivation for music. I found in it a path to self-discovery and healing. I became so passionate about it that I studied psychology and social anthropology, but what really awakened my attention was SOUND THERAPY.<\/p><p>Es en el verano 2010 cuando se produce un punto de inflexi\u00f3n en su vida. El camino hacia el despertar se intensifica, realizando varios viajes a India a la Oneness University. Es aqu\u00ed donde la gracia de los avatares Amma y Bhagavan ayuda a Joan a conectarse con su verdad, dando paso a que su ser se manifieste a trav\u00e9s de la m\u00fasica y los sonidos curativos.<\/p>\t\t\t\t\t\t\t\t<\/div>\n\t\t\t\t<\/div>\n\t\t\t\t\t<\/div>\n\t\t<\/div>\n\t\t\t\t\t<\/div>\n\t\t<\/section>\n\t\t\t\t<section class=\"elementor-section elementor-top-section elementor-element elementor-element-d438e3d elementor-section-boxed elementor-section-height-default elementor-section-height-default\" data-id=\"d438e3d\" data-element_type=\"section\" data-e-type=\"section\">\n\t\t\t\t\t\t<div class=\"elementor-container elementor-column-gap-default\">\n\t\t\t\t\t<div class=\"elementor-column elementor-col-100 elementor-top-column elementor-element elementor-element-536efe4\" data-id=\"536efe4\" data-element_type=\"column\" data-e-type=\"column\">\n\t\t\t<div class=\"elementor-widget-wrap elementor-element-populated\">\n\t\t\t\t\t\t<div class=\"elementor-element elementor-element-e6e556c elementor-widget elementor-widget-audio\" data-id=\"e6e556c\" data-element_type=\"widget\" data-e-type=\"widget\" data-widget_type=\"audio.default\">\n\t\t\t\t<div class=\"elementor-widget-container\">\n\t\t\t\t\t\t\t\t<div class=\"elementor-soundcloud-wrapper\">\n\t\t\t\t<iframe width=\"800\" height=\"200\" frameborder=\"no\" src=\"https:\/\/w.soundcloud.com\/player\/?visual=false&#038;url=https%3A%2F%2Fapi.soundcloud.com%2Ftracks%2F776453491&#038;show_artwork=true&#038;maxheight=1000&#038;maxwidth=800&#038;auto_play=false&#038;buying=true&#038;liking=true&#038;download=true&#038;sharing=true&#038;show_comments=true&#038;show_playcount=true&#038;show_user=true&#038;color\"><\/iframe>\t\t\t<\/div>\n\t\t\t\t\t\t\t<\/div>\n\t\t\t\t<\/div>\n\t\t\t\t\t<\/div>\n\t\t<\/div>\n\t\t\t\t\t<\/div>\n\t\t<\/section>\n\t\t\t\t<\/div>","protected":false},"excerpt":{"rendered":"<p>Desde temprana edad la m\u00fasica ha formado parte de la vida de Joan. Escuchar a su madre cantar con tanta pasi\u00f3n y sentimiento siempre ha movido algo muy profundo en su interior. \u201cEs aqu\u00ed donde comenz\u00f3 a experimentar que la m\u00fasica sobre todo se siente y se vive\u201d Desde ni\u00f1o he sentido una gran motivaci\u00f3n [&hellip;]<\/p>\n","protected":false},"author":1,"featured_media":0,"parent":0,"menu_order":0,"comment_status":"closed","ping_status":"closed","template":"elementor_header_footer","meta":{"footnotes":""},"class_list":["post-4030","page","type-page","status-publish","hentry"],"_links":{"self":[{"href":"https:\/\/joancondal.com\/en\/wp-json\/wp\/v2\/pages\/4030","targetHints":{"allow":["GET"]}}],"collection":[{"href":"https:\/\/joancondal.com\/en\/wp-json\/wp\/v2\/pages"}],"about":[{"href":"https:\/\/joancondal.com\/en\/wp-json\/wp\/v2\/types\/page"}],"author":[{"embeddable":true,"href":"https:\/\/joancondal.com\/en\/wp-json\/wp\/v2\/users\/1"}],"replies":[{"embeddable":true,"href":"https:\/\/joancondal.com\/en\/wp-json\/wp\/v2\/comments?post=4030"}],"version-history":[{"count":1,"href":"https:\/\/joancondal.com\/en\/wp-json\/wp\/v2\/pages\/4030\/revisions"}],"predecessor-version":[{"id":4738,"href":"https:\/\/joancondal.com\/en\/wp-json\/wp\/v2\/pages\/4030\/revisions\/4738"}],"wp:attachment":[{"href":"https:\/\/joancondal.com\/en\/wp-json\/wp\/v2\/media?parent=4030"}],"curies":[{"name":"wp","href":"https:\/\/api.w.org\/{rel}","templated":true}]}}